{"id":7,"date":"2025-05-06T08:43:40","date_gmt":"2025-05-06T08:43:40","guid":{"rendered":"https:\/\/anacoelhoarq.com\/web\/?page_id=7"},"modified":"2025-11-11T10:37:05","modified_gmt":"2025-11-11T10:37:05","slug":"home","status":"publish","type":"page","link":"https:\/\/anacoelhoarq.com\/web\/","title":{"rendered":"Home"},"content":{"rendered":"\t\t<div data-elementor-type=\"wp-post\" data-elementor-id=\"7\" class=\"elementor elementor-7\" data-elementor-post-type=\"page\">\n\t\t\t\t<div class=\"elementor-element elementor-element-b74a5b6 e-con-full e-flex wpr-jarallax-no wpr-parallax-no wpr-sticky-section-no wpr-column-slider-no wpr-equal-height-no e-con e-child\" data-id=\"b74a5b6\" data-element_type=\"container\" data-e-type=\"container\">\n\t\t\t\t<div class=\"elementor-element elementor-element-ac2d6ba qodef-navigation-together--bottom elementor-widget elementor-widget-qi_addons_for_elementor_premium_fixed_project_slider\" data-id=\"ac2d6ba\" data-element_type=\"widget\" data-e-type=\"widget\" data-settings=\"{&quot;_animation&quot;:&quot;none&quot;}\" data-widget_type=\"qi_addons_for_elementor_premium_fixed_project_slider.default\">\n\t\t\t\t<div class=\"elementor-widget-container\">\n\t\t\t\t\t<div class=\"qodef-shortcode qodef-m qodef-qi-fixed-project-slider qodef-qi-fixed-project-slider-responsive--1024\">\n\t<div class=\"qodef-m-holder\">\n\t\t<div class=\"qodef-qi-grid qodef-qi-swiper-container qodef-navigation--together qodef-navigation-alignment--flex-end\" data-options=\"{&quot;direction&quot;:&quot;horizontal&quot;,&quot;slidesPerView&quot;:1,&quot;spaceBetween&quot;:0,&quot;spaceBetweenTablet&quot;:0,&quot;spaceBetweenMobile&quot;:0,&quot;effect&quot;:&quot;&quot;,&quot;loop&quot;:true,&quot;autoplay&quot;:true,&quot;centeredSlides&quot;:false,&quot;speed&quot;:&quot;7000&quot;,&quot;speedAnimation&quot;:&quot;&quot;,&quot;outsideNavigation&quot;:&quot;yes&quot;,&quot;outsidePagination&quot;:&quot;no&quot;,&quot;unique&quot;:&quot;1&quot;,&quot;partialValue&quot;:0.5,&quot;disablePartialValue&quot;:&quot;1024&quot;,&quot;parallax&quot;:&quot;no&quot;}\">\n\t\t\t<div class=\"swiper-wrapper\">\n\t\t\t\t<div class=\"qodef-e-item-image qodef-e swiper-slide\">\n\t<div class=\"qodef-e-inner\">\n\t\t\t\t\t<a href=\"https:\/\/anacoelhoarq.com\/web\/marechal-50\/\" target=\"_self\">\n\t\t\t\t\t\t\t<div class=\"qodef-e-images-holder\">\n\t\t\t\t<img fetchpriority=\"high\" decoding=\"async\" width=\"1600\" height=\"900\" src=\"https:\/\/anacoelhoarq.com\/web\/wp-content\/uploads\/2025\/05\/home-marechal.jpg\" class=\"attachment-full size-full\" alt=\"\" srcset=\"https:\/\/anacoelhoarq.com\/web\/wp-content\/uploads\/2025\/05\/home-marechal.jpg 1600w, https:\/\/anacoelhoarq.com\/web\/wp-content\/uploads\/2025\/05\/home-marechal-300x169.jpg 300w, https:\/\/anacoelhoarq.com\/web\/wp-content\/uploads\/2025\/05\/home-marechal-1024x576.jpg 1024w, https:\/\/anacoelhoarq.com\/web\/wp-content\/uploads\/2025\/05\/home-marechal-768x432.jpg 768w, https:\/\/anacoelhoarq.com\/web\/wp-content\/uploads\/2025\/05\/home-marechal-1536x864.jpg 1536w\" sizes=\"(max-width: 1600px) 100vw, 1600px\" \/>\t\t\t<\/div>\n\t\t\t\t\t\t\t<\/a>\n\t\t\t<\/div>\n<\/div>\n<div class=\"qodef-e-item-image qodef-e swiper-slide\">\n\t<div class=\"qodef-e-inner\">\n\t\t\t\t\t<a href=\"https:\/\/anacoelhoarq.com\/web\/matsu-porto\/\" target=\"_self\">\n\t\t\t\t\t\t\t<div class=\"qodef-e-images-holder\">\n\t\t\t\t<img decoding=\"async\" width=\"1600\" height=\"900\" src=\"https:\/\/anacoelhoarq.com\/web\/wp-content\/uploads\/2025\/05\/homematsu-porto-1.jpg\" class=\"attachment-full size-full\" alt=\"\" srcset=\"https:\/\/anacoelhoarq.com\/web\/wp-content\/uploads\/2025\/05\/homematsu-porto-1.jpg 1600w, https:\/\/anacoelhoarq.com\/web\/wp-content\/uploads\/2025\/05\/homematsu-porto-1-300x169.jpg 300w, https:\/\/anacoelhoarq.com\/web\/wp-content\/uploads\/2025\/05\/homematsu-porto-1-1024x576.jpg 1024w, https:\/\/anacoelhoarq.com\/web\/wp-content\/uploads\/2025\/05\/homematsu-porto-1-768x432.jpg 768w, https:\/\/anacoelhoarq.com\/web\/wp-content\/uploads\/2025\/05\/homematsu-porto-1-1536x864.jpg 1536w\" sizes=\"(max-width: 1600px) 100vw, 1600px\" \/>\t\t\t<\/div>\n\t\t\t\t\t\t\t<\/a>\n\t\t\t<\/div>\n<\/div>\n<div class=\"qodef-e-item-image qodef-e swiper-slide\">\n\t<div class=\"qodef-e-inner\">\n\t\t\t\t\t<a href=\"https:\/\/anacoelhoarq.com\/web\/passeio-alegre\/\" target=\"_self\">\n\t\t\t\t\t\t\t<div class=\"qodef-e-images-holder\">\n\t\t\t\t<img decoding=\"async\" width=\"1600\" height=\"900\" src=\"https:\/\/anacoelhoarq.com\/web\/wp-content\/uploads\/2025\/08\/home-passeio-alegre.jpg\" class=\"attachment-full size-full\" alt=\"\" srcset=\"https:\/\/anacoelhoarq.com\/web\/wp-content\/uploads\/2025\/08\/home-passeio-alegre.jpg 1600w, https:\/\/anacoelhoarq.com\/web\/wp-content\/uploads\/2025\/08\/home-passeio-alegre-300x169.jpg 300w, https:\/\/anacoelhoarq.com\/web\/wp-content\/uploads\/2025\/08\/home-passeio-alegre-1024x576.jpg 1024w, https:\/\/anacoelhoarq.com\/web\/wp-content\/uploads\/2025\/08\/home-passeio-alegre-768x432.jpg 768w, https:\/\/anacoelhoarq.com\/web\/wp-content\/uploads\/2025\/08\/home-passeio-alegre-1536x864.jpg 1536w\" sizes=\"(max-width: 1600px) 100vw, 1600px\" \/>\t\t\t<\/div>\n\t\t\t\t\t\t\t<\/a>\n\t\t\t<\/div>\n<\/div>\n<div class=\"qodef-e-item-image qodef-e swiper-slide\">\n\t<div class=\"qodef-e-inner\">\n\t\t\t\t\t<a href=\"https:\/\/anacoelhoarq.com\/web\/preciosa-507\/\" target=\"_self\">\n\t\t\t\t\t\t\t<div class=\"qodef-e-images-holder\">\n\t\t\t\t<img loading=\"lazy\" decoding=\"async\" width=\"1600\" height=\"900\" src=\"https:\/\/anacoelhoarq.com\/web\/wp-content\/uploads\/2025\/05\/home-preciosa-1.jpg\" class=\"attachment-full size-full\" alt=\"\" srcset=\"https:\/\/anacoelhoarq.com\/web\/wp-content\/uploads\/2025\/05\/home-preciosa-1.jpg 1600w, https:\/\/anacoelhoarq.com\/web\/wp-content\/uploads\/2025\/05\/home-preciosa-1-300x169.jpg 300w, https:\/\/anacoelhoarq.com\/web\/wp-content\/uploads\/2025\/05\/home-preciosa-1-1024x576.jpg 1024w, https:\/\/anacoelhoarq.com\/web\/wp-content\/uploads\/2025\/05\/home-preciosa-1-768x432.jpg 768w, https:\/\/anacoelhoarq.com\/web\/wp-content\/uploads\/2025\/05\/home-preciosa-1-1536x864.jpg 1536w\" sizes=\"(max-width: 1600px) 100vw, 1600px\" \/>\t\t\t<\/div>\n\t\t\t\t\t\t\t<\/a>\n\t\t\t<\/div>\n<\/div>\n<div class=\"qodef-e-item-image qodef-e swiper-slide\">\n\t<div class=\"qodef-e-inner\">\n\t\t\t\t\t<a href=\"https:\/\/anacoelhoarq.com\/web\/facol\/\" target=\"_self\">\n\t\t\t\t\t\t\t<div class=\"qodef-e-images-holder\">\n\t\t\t\t<img loading=\"lazy\" decoding=\"async\" width=\"1600\" height=\"900\" src=\"https:\/\/anacoelhoarq.com\/web\/wp-content\/uploads\/2025\/05\/home-facol-2.jpg\" class=\"attachment-full size-full\" alt=\"\" srcset=\"https:\/\/anacoelhoarq.com\/web\/wp-content\/uploads\/2025\/05\/home-facol-2.jpg 1600w, https:\/\/anacoelhoarq.com\/web\/wp-content\/uploads\/2025\/05\/home-facol-2-300x169.jpg 300w, https:\/\/anacoelhoarq.com\/web\/wp-content\/uploads\/2025\/05\/home-facol-2-1024x576.jpg 1024w, https:\/\/anacoelhoarq.com\/web\/wp-content\/uploads\/2025\/05\/home-facol-2-768x432.jpg 768w, https:\/\/anacoelhoarq.com\/web\/wp-content\/uploads\/2025\/05\/home-facol-2-1536x864.jpg 1536w\" sizes=\"(max-width: 1600px) 100vw, 1600px\" \/>\t\t\t<\/div>\n\t\t\t\t\t\t\t<\/a>\n\t\t\t<\/div>\n<\/div>\n\t\t\t<\/div>\n\t\t\t\t\t<\/div>\n\t\t\t\t\t<div class=\"qodef-swiper-together-nav\">\n\t\t\t<div class=\"qodef-swiper-together-inner\">\n\t\t<div class=\"swiper-button-prev swiper-button-outside swiper-button-prev-1\"><svg xmlns=\"http:\/\/www.w3.org\/2000\/svg\" id=\"Layer_1\" data-name=\"Layer 1\" viewBox=\"0 0 48.1 48.1\"><g style=\"opacity:0.01\"><circle cx=\"24.1\" cy=\"24.1\" r=\"24.1\" style=\"fill:#c3c0b9\"><\/circle><\/g><circle cx=\"24.1\" cy=\"24.1\" r=\"22.5\" style=\"fill:#c3c0b9\"><\/circle><path d=\"M33.5,41.7h0l2.1-2.1L46.1,50.2l-2,2.1-8.6-8.5\" transform=\"translate(-17.3 -17.4)\" style=\"fill:#62605d\"><\/path><path d=\"M44.5,30.7l-6.8,6.8,2,2.1,6.9-6.9Z\" transform=\"translate(-17.3 -17.4)\" style=\"fill:#62605d\"><\/path><\/svg><\/div>\n\t<div class=\"swiper-button-next swiper-button-outside swiper-button-next-1\"><svg xmlns=\"http:\/\/www.w3.org\/2000\/svg\" id=\"Layer_1\" data-name=\"Layer 1\" viewBox=\"0 0 45 45\"><g style=\"opacity:0.01\"><circle cx=\"22.5\" cy=\"22.5\" r=\"22.5\" style=\"fill:#c3c0b9\"><\/circle><path d=\"M49.3,41.3h-.1l-2.1,2.1L36.6,32.8l2.1-2.1,8.6,8.5\" transform=\"translate(-18.9 -19)\" style=\"fill:#62605d\"><\/path><path d=\"M38.2,52.3l6.9-6.8-2-2.1-6.9,6.9Z\" transform=\"translate(-18.9 -19)\" style=\"fill:#62605d\"><\/path><\/g><circle cx=\"22.5\" cy=\"22.5\" r=\"22\" style=\"fill:#c3c0b9\"><\/circle><path d=\"M49.1,41.3H49l-2,2L36.7,33l2.1-2.1,8.3,8.4\" transform=\"translate(-18.9 -19)\" style=\"fill:#62605d\"><\/path><path d=\"M38.3,52,45,45.4l-2-2-6.7,6.7Z\" transform=\"translate(-18.9 -19)\" style=\"fill:#62605d\"><\/path><\/svg><\/div>\n\t\t\t\t<\/div>\n\t\t<\/div>\n\t\t\t<div class=\"qodef-m-items-holder\">\n\t\t\t<div class=\"qodef-qi-grid qodef-qi-swiper-container qodef-navigation--together qodef-navigation-alignment--flex-end qodef-m-items-slider\" data-options=\"{&quot;direction&quot;:&quot;horizontal&quot;,&quot;slidesPerView&quot;:1,&quot;spaceBetween&quot;:0,&quot;spaceBetweenTablet&quot;:0,&quot;spaceBetweenMobile&quot;:0,&quot;effect&quot;:&quot;fade&quot;,&quot;loop&quot;:true,&quot;autoplay&quot;:true,&quot;centeredSlides&quot;:false,&quot;speed&quot;:&quot;7000&quot;,&quot;speedAnimation&quot;:&quot;&quot;,&quot;outsideNavigation&quot;:&quot;no&quot;,&quot;outsidePagination&quot;:&quot;no&quot;,&quot;unique&quot;:&quot;1&quot;,&quot;partialValue&quot;:0,&quot;disablePartialValue&quot;:&quot;&quot;,&quot;parallax&quot;:&quot;no&quot;}\">\n\t\t\t\t<div class=\"swiper-wrapper\">\n\t\t\t\t\t<div class=\"qodef-e-item-textual qodef-e swiper-slide\">\n\t<div class=\"qodef-e-inner\">\n\t\t\t<h2 class=\"qodef-e-title\">\n\t\tmarechal 50\t<\/h2>\n\t\t\t<div class=\"qodef-e-text\">\n\t\t<p>projeto: edif\u00edcio de escrit\u00f3rios<br \/>localiza\u00e7\u00e3o: porto, portugal<br \/><span>2021\/2023<\/span><\/p>\t<\/div>\n\t\t<div class=\"qodef-e-button-holder\">\n\t\t\t<a class=\"qodef-shortcode qodef-m qodef-qi-button qodef-html--link qodef-layout--textual qodef-type--standard qodef-icon--right qodef-hover--icon-move-horizontal\" href=\"https:\/\/anacoelhoarq.com\/web\/marechal-50\/\" target=\"_self\">\t<span class=\"qodef-m-text\">Ver projeto<\/span>\t\t<span class=\"qodef-m-icon\">\t\t<span class=\"qodef-m-icon-inner\">\t\t\t<svg xmlns=\"http:\/\/www.w3.org\/2000\/svg\" id=\"Layer_1\" data-name=\"Layer 1\" viewBox=\"0 0 46.1 1\"><defs><style>.cls-1{fill:#62605d;}<\/style><\/defs><rect class=\"cls-1\" width=\"46.1\" height=\"1\"><\/rect><\/svg>\t\t\t\t\t\t\t<svg xmlns=\"http:\/\/www.w3.org\/2000\/svg\" id=\"Layer_1\" data-name=\"Layer 1\" viewBox=\"0 0 46.1 1\"><defs><style>.cls-1{fill:#62605d;}<\/style><\/defs><rect class=\"cls-1\" width=\"46.1\" height=\"1\"><\/rect><\/svg>\t\t\t\t\t<\/span>\t<\/span><\/a>\t\t<\/div>\n\t<\/div>\n<\/div>\n<div class=\"qodef-e-item-textual qodef-e swiper-slide\">\n\t<div class=\"qodef-e-inner\">\n\t\t\t<h2 class=\"qodef-e-title\">\n\t\tmatsu porto\t<\/h2>\n\t\t\t<div class=\"qodef-e-text\">\n\t\t<p>projeto: habita\u00e7\u00e3o<br \/>localiza\u00e7\u00e3o: porto, portugal<br \/><span>2023\/2025<\/span><\/p>\t<\/div>\n\t\t<div class=\"qodef-e-button-holder\">\n\t\t\t<a class=\"qodef-shortcode qodef-m qodef-qi-button qodef-html--link qodef-layout--textual qodef-type--standard qodef-icon--right qodef-hover--icon-move-horizontal\" href=\"https:\/\/anacoelhoarq.com\/web\/matsu-porto\/\" target=\"_self\">\t<span class=\"qodef-m-text\">Ver projeto<\/span>\t\t<span class=\"qodef-m-icon\">\t\t<span class=\"qodef-m-icon-inner\">\t\t\t<svg xmlns=\"http:\/\/www.w3.org\/2000\/svg\" id=\"Layer_1\" data-name=\"Layer 1\" viewBox=\"0 0 46.1 1\"><defs><style>.cls-1{fill:#62605d;}<\/style><\/defs><rect class=\"cls-1\" width=\"46.1\" height=\"1\"><\/rect><\/svg>\t\t\t\t\t\t\t<svg xmlns=\"http:\/\/www.w3.org\/2000\/svg\" id=\"Layer_1\" data-name=\"Layer 1\" viewBox=\"0 0 46.1 1\"><defs><style>.cls-1{fill:#62605d;}<\/style><\/defs><rect class=\"cls-1\" width=\"46.1\" height=\"1\"><\/rect><\/svg>\t\t\t\t\t<\/span>\t<\/span><\/a>\t\t<\/div>\n\t<\/div>\n<\/div>\n<div class=\"qodef-e-item-textual qodef-e swiper-slide\">\n\t<div class=\"qodef-e-inner\">\n\t\t\t<h2 class=\"qodef-e-title\">\n\t\tpasseio alegre\t<\/h2>\n\t\t\t<div class=\"qodef-e-text\">\n\t\t<p>projeto: habita\u00e7\u00e3o coletiva<br \/>localiza\u00e7\u00e3o: porto, portugal<br \/><span>2022\/2024<\/span><\/p>\t<\/div>\n\t\t<div class=\"qodef-e-button-holder\">\n\t\t\t<a class=\"qodef-shortcode qodef-m qodef-qi-button qodef-html--link qodef-layout--textual qodef-type--standard qodef-icon--right qodef-hover--icon-move-horizontal\" href=\"https:\/\/anacoelhoarq.com\/web\/passeio-alegre\/\" target=\"_self\">\t<span class=\"qodef-m-text\">Ver projeto<\/span>\t\t<span class=\"qodef-m-icon\">\t\t<span class=\"qodef-m-icon-inner\">\t\t\t<svg xmlns=\"http:\/\/www.w3.org\/2000\/svg\" id=\"Layer_1\" data-name=\"Layer 1\" viewBox=\"0 0 46.1 1\"><defs><style>.cls-1{fill:#62605d;}<\/style><\/defs><rect class=\"cls-1\" width=\"46.1\" height=\"1\"><\/rect><\/svg>\t\t\t\t\t\t\t<svg xmlns=\"http:\/\/www.w3.org\/2000\/svg\" id=\"Layer_1\" data-name=\"Layer 1\" viewBox=\"0 0 46.1 1\"><defs><style>.cls-1{fill:#62605d;}<\/style><\/defs><rect class=\"cls-1\" width=\"46.1\" height=\"1\"><\/rect><\/svg>\t\t\t\t\t<\/span>\t<\/span><\/a>\t\t<\/div>\n\t<\/div>\n<\/div>\n<div class=\"qodef-e-item-textual qodef-e swiper-slide\">\n\t<div class=\"qodef-e-inner\">\n\t\t\t<h2 class=\"qodef-e-title\">\n\t\tpreciosa 507\t<\/h2>\n\t\t\t<div class=\"qodef-e-text\">\n\t\t<p>projeto: edif\u00edcio de servi\u00e7os<br \/>localiza\u00e7\u00e3o: porto, portugal<br \/><span>2022\/2025<\/span><\/p>\t<\/div>\n\t\t<div class=\"qodef-e-button-holder\">\n\t\t\t<a class=\"qodef-shortcode qodef-m qodef-qi-button qodef-html--link qodef-layout--textual qodef-type--standard qodef-icon--right qodef-hover--icon-move-horizontal\" href=\"https:\/\/anacoelhoarq.com\/web\/preciosa-507\/\" target=\"_self\">\t<span class=\"qodef-m-text\">Ver projeto<\/span>\t\t<span class=\"qodef-m-icon\">\t\t<span class=\"qodef-m-icon-inner\">\t\t\t<svg xmlns=\"http:\/\/www.w3.org\/2000\/svg\" id=\"Layer_1\" data-name=\"Layer 1\" viewBox=\"0 0 46.1 1\"><defs><style>.cls-1{fill:#62605d;}<\/style><\/defs><rect class=\"cls-1\" width=\"46.1\" height=\"1\"><\/rect><\/svg>\t\t\t\t\t\t\t<svg xmlns=\"http:\/\/www.w3.org\/2000\/svg\" id=\"Layer_1\" data-name=\"Layer 1\" viewBox=\"0 0 46.1 1\"><defs><style>.cls-1{fill:#62605d;}<\/style><\/defs><rect class=\"cls-1\" width=\"46.1\" height=\"1\"><\/rect><\/svg>\t\t\t\t\t<\/span>\t<\/span><\/a>\t\t<\/div>\n\t<\/div>\n<\/div>\n<div class=\"qodef-e-item-textual qodef-e swiper-slide\">\n\t<div class=\"qodef-e-inner\">\n\t\t\t<h2 class=\"qodef-e-title\">\n\t\tfacol\t<\/h2>\n\t\t\t<div class=\"qodef-e-text\">\n\t\t<p>projeto: amplia\u00e7\u00e3o de unidade industrial<br \/>localiza\u00e7\u00e3o: vila nova de famalic\u00e3o, portugal<br \/><span>2018<\/span><\/p>\t<\/div>\n\t\t<div class=\"qodef-e-button-holder\">\n\t\t\t<a class=\"qodef-shortcode qodef-m qodef-qi-button qodef-html--link qodef-layout--textual qodef-type--standard qodef-icon--right qodef-hover--icon-move-horizontal\" href=\"https:\/\/anacoelhoarq.com\/web\/facol\/\" target=\"_self\">\t<span class=\"qodef-m-text\">Ver projeto<\/span>\t\t<span class=\"qodef-m-icon\">\t\t<span class=\"qodef-m-icon-inner\">\t\t\t<svg xmlns=\"http:\/\/www.w3.org\/2000\/svg\" id=\"Layer_1\" data-name=\"Layer 1\" viewBox=\"0 0 46.1 1\"><defs><style>.cls-1{fill:#62605d;}<\/style><\/defs><rect class=\"cls-1\" width=\"46.1\" height=\"1\"><\/rect><\/svg>\t\t\t\t\t\t\t<svg xmlns=\"http:\/\/www.w3.org\/2000\/svg\" id=\"Layer_1\" data-name=\"Layer 1\" viewBox=\"0 0 46.1 1\"><defs><style>.cls-1{fill:#62605d;}<\/style><\/defs><rect class=\"cls-1\" width=\"46.1\" height=\"1\"><\/rect><\/svg>\t\t\t\t\t<\/span>\t<\/span><\/a>\t\t<\/div>\n\t<\/div>\n<\/div>\n\t\t\t\t<\/div>\n\t\t\t<\/div>\n\t\t<\/div>\n\t<\/div>\n<\/div>\n\t\t\t\t<\/div>\n\t\t\t\t<\/div>\n\t\t\t\t<div class=\"elementor-element elementor-element-f9a0b92 elementor-widget elementor-widget-html\" data-id=\"f9a0b92\" data-element_type=\"widget\" data-e-type=\"widget\" data-widget_type=\"html.default\">\n\t\t\t\t<div class=\"elementor-widget-container\">\n\t\t\t\t\t<script>\n  let lastScrollTime = 0;\n\n  window.addEventListener('wheel', function(e) {\n    const now = new Date().getTime();\n    if (now - lastScrollTime < 800) return;\n    lastScrollTime = now;\n\n    if (e.deltaY > 0) {\n      document.querySelector('.swiper-button-next')?.click();\n    } else {\n      document.querySelector('.swiper-button-prev')?.click();\n    }\n  }, { passive: false });\n<\/script>\n\n\t\t\t\t<\/div>\n\t\t\t\t<\/div>\n\t\t\t\t<\/div>\n\t\t\t\t<\/div>\n\t\t","protected":false},"excerpt":{"rendered":"<p>marechal 50 projeto: edif\u00edcio de escrit\u00f3rioslocaliza\u00e7\u00e3o: porto, portugal2021\/2023 matsu porto projeto: habita\u00e7\u00e3olocaliza\u00e7\u00e3o: porto, portugal2023\/2025 passeio alegre projeto: habita\u00e7\u00e3o coletivalocaliza\u00e7\u00e3o: porto, portugal2022\/2024 preciosa 507 projeto: edif\u00edcio de servi\u00e7oslocaliza\u00e7\u00e3o: porto, portugal2022\/2025 facol projeto: amplia\u00e7\u00e3o de unidade industriallocaliza\u00e7\u00e3o: vila nova de famalic\u00e3o, portugal2018<\/p>\n","protected":false},"author":1,"featured_media":0,"parent":0,"menu_order":0,"comment_status":"closed","ping_status":"closed","template":"elementor_header_footer","meta":{"footnotes":""},"class_list":["post-7","page","type-page","status-publish","hentry"],"_links":{"self":[{"href":"https:\/\/anacoelhoarq.com\/web\/wp-json\/wp\/v2\/pages\/7","targetHints":{"allow":["GET"]}}],"collection":[{"href":"https:\/\/anacoelhoarq.com\/web\/wp-json\/wp\/v2\/pages"}],"about":[{"href":"https:\/\/anacoelhoarq.com\/web\/wp-json\/wp\/v2\/types\/page"}],"author":[{"embeddable":true,"href":"https:\/\/anacoelhoarq.com\/web\/wp-json\/wp\/v2\/users\/1"}],"replies":[{"embeddable":true,"href":"https:\/\/anacoelhoarq.com\/web\/wp-json\/wp\/v2\/comments?post=7"}],"version-history":[{"count":1202,"href":"https:\/\/anacoelhoarq.com\/web\/wp-json\/wp\/v2\/pages\/7\/revisions"}],"predecessor-version":[{"id":8459,"href":"https:\/\/anacoelhoarq.com\/web\/wp-json\/wp\/v2\/pages\/7\/revisions\/8459"}],"wp:attachment":[{"href":"https:\/\/anacoelhoarq.com\/web\/wp-json\/wp\/v2\/media?parent=7"}],"curies":[{"name":"wp","href":"https:\/\/api.w.org\/{rel}","templated":true}]}}